{"id":3,"date":"2017-11-10T14:08:51","date_gmt":"2017-11-10T14:08:51","guid":{"rendered":"http:\/\/tag_link_site_url\/mesmerize\/"},"modified":"2023-03-26T10:30:27","modified_gmt":"2023-03-26T08:30:27","slug":"mesmerize","status":"publish","type":"page","link":"https:\/\/agrm.eu\/nl\/","title":{"rendered":"Front Page"},"content":{"rendered":"<div  id=\"overlappable-4\" style=\"background-color: #ffffff; background-image: none;\" data-label=\"Overlappable\" data-id=\"overlappable-4\" data-export-id=\"overlappable-4\" data-category=\"overlappable\" class=\"overlappable-4 content-section content-section-spacing\" data-overlap=\"true\">\n<div  class=\"gridContainer\">\n<div  data-type=\"row\" class=\"row spaced-cols text-center\">\n<div  class=\"col-xs-12 col-sm-4 col-padding\">\n\n<a data-cp-link=\"1\" href=\"https:\/\/agrm.eu\/nl\/je-protege-ma-famille-et-mon-patrimoine\/\" target=\"_self\" rel=\"noopener\"><i  class=\"fa icon shadow-large-black aligncenter color1 fa-home reverse round large\"> <\/i><\/a>\n<div  data-type=\"column\" class=\"\">\n<h5  class=\"\">Ik bescherm mijn familie en mijn goederen<\/h5>\n<p  class=\"\">Wij adviseren u over alle verzekeringszaken met betrekking tot uw gezin of uw eigendom.<\/p>\n\n<\/div>\n<\/div>\n<div  class=\"col-xs-12 col-sm-4 col-padding\">\n\n<a data-cp-link=\"1\" href=\"https:\/\/agrm.eu\/nl\/je-suis-independant\/\" target=\"_self\" rel=\"noopener\"><i  class=\"fa icon shadow-large-black aligncenter color1 fa-black-tie reverse round large\"> <\/i><\/a>\n<div  data-type=\"column\" class=\"\">\n<h5  class=\"\">Ik ben zelfstandig<\/h5>\n<p  class=\"\">Se lancer en tant qu\u2019ind\u00e9pendant n\u00e9cessite d\u2019analyser votre activit\u00e9 pour mieux vous prot\u00e9ger.<\/p>\n\n<\/div>\n<\/div>\n<div  class=\"col-xs-12 col-sm-4 col-padding\">\n\n<a data-cp-link=\"1\" href=\"https:\/\/agrm.eu\/nl\/je-pense-a-ma-pension\/\" target=\"_self\" rel=\"noopener\"><i  class=\"fa icon shadow-large-black aligncenter color1 fa-blind reverse round large\"> <\/i><\/a>\n<div  data-type=\"column\" class=\"\">\n<h5  class=\"\">Ik denk aan mijn pensioen<\/h5>\n<p  class=\"\">Het is belangrijk om uw toekomst veilig te stellen. Wij kunnen u helpen uw pensioen met een gerust hart tegemoet te treden.<\/p>\n\n<\/div>\n<\/div>\n<\/div>\n<\/div>\n<\/div><div  id=\"features-3\" style=\"background-color: #ffffff;\" data-label=\"Features\" data-id=\"features-12-card-bordered\" data-export-id=\"features-12-card-bordered\" data-category=\"features\" class=\"features-12-card-bordered content-section content-section-spacing\">\n<div  class=\"gridContainer\">\n<div  class=\"row text-center\">\n<div  class=\"section-title-col\" data-type=\"column\">\n<h2  class=\"\">Ons aanbod<\/h2>\n<p  class=\"lead\">Als makelaar kunnen wij u dankzij onze ervaring en knowhow een gepersonaliseerde en op maat gemaakte service bieden. <\/p>\n\n<\/div>\n<\/div>\n<div  class=\"row spaced-cols\" data-type=\"row\">\n<div  class=\"col-sm-6\">\n<div  class=\"card row-card bordered y-move\">\n<div  class=\"row\">\n<div  class=\"col-sm-fit icon-column\"><i  class=\"fa icon color2 fa-money large\"> <\/i><\/div>\n<div  class=\"col-sm\" data-type=\"column\">\n<h5  class=\"color2\">DE BESTE PRIJS<\/h5>\n<p  class=\"\">Wij zetten ons in om u de beste verzekeringsdeals tegen de beste prijs aan te bieden. Dankzij ons netwerk van partners en onze marktkennis vinden wij voor u de meest concurrerende tarieven zonder afbreuk te doen aan de kwaliteit van uw dekking.&nbsp;<\/p>\n\n<\/div>\n<\/div>\n<\/div>\n<\/div>\n<div  class=\"col-sm-6\">\n<div  class=\"card row-card bordered y-move\">\n<div  class=\"row\">\n<div  class=\"col-sm-fit icon-column\"><i  class=\"fa icon color2 fa-ambulance large\"> <\/i><\/div>\n<div  class=\"col-sm\" data-type=\"column\">\n<h5  class=\"color2\">ONDERSTEUNING IN GEVAL VAN SCHADE<\/h5>\n<p  class=\"\">Wij weten dat een schade een moeilijke en stressvolle tijd kan zijn. Daarom staat ons team van verzekeringsexperts klaar om u bij elke stap te ondersteunen. Van het melden van de claim tot het beheer van de reparaties en de schadevergoeding, wij bieden u persoonlijke ondersteuning om u te helpen deze beproeving met een gerust hart door te komen.<\/p>\n\n<\/div>\n<\/div>\n<\/div>\n<\/div>\n<div  class=\"col-sm-6\">\n<div  class=\"card row-card bordered y-move\">\n<div  class=\"row\">\n<div  class=\"col-sm-fit icon-column\"><i  class=\"fa icon color2 fa-bell-o large\"> <\/i><\/div>\n<div  class=\"col-sm\" data-type=\"column\">\n<h5  class=\"color2\">EEN UPDATE VAN UW CONTRACTEN<\/h5>\n<p  class=\"\">Verzekeringsbehoeften veranderen na verloop van tijd en het is cruciaal om uw polissen up-to-date te houden om beschermd te blijven. Wij zorgen ervoor dat uw verzekeringen altijd in overeenstemming zijn met uw huidige situatie. Wij passen uw dekking aan en bieden oplossingen op maat, zodat u altijd goed gedekt bent.<\/p>\n\n<\/div>\n<\/div>\n<\/div>\n<\/div>\n<div  class=\"col-sm-6\">\n<div  class=\"card row-card bordered y-move\">\n<div  class=\"row\">\n<div  class=\"col-sm-fit icon-column\"><i  class=\"fa icon color2 fa-address-card-o large\"> <\/i><\/div>\n<div  class=\"col-sm\" data-type=\"column\">\n<h5  class=\"color2\">DE JUISTE VERZEKERING VOOR U<\/h5>\n<p  class=\"\">Er is niet \u00e9\u00e9n verzekeringsoplossing voor iedereen. Daarom is onze aanpak gericht op uw specifieke behoeften. Wij nemen de tijd om uw situatie te analyseren en uw verwachtingen te begrijpen, zodat wij u verzekeringsaanbiedingen kunnen doen die echt bij u passen.&nbsp;<\/p>\n\n<\/div>\n<\/div>\n<\/div>\n<\/div>\n<\/div>\n<\/div>\n<\/div><div  id=\"testimonials-5\" style=\"background-color: rgb(245, 250, 253); background-image: none;\" data-label=\"Testimonials\" data-id=\"testimonials-5\" data-export-id=\"testimonials-5\" data-category=\"testimonials\" class=\"testimonials-5 content-section content-section-spacing\">\n<div  class=\"gridContainer\">\n<div  class=\"row\">\n<div  data-type=\"column\" class=\"section-title-col\">\n<h2  class=\"\">De mening van onze klanten<\/h2>\n<p  class=\"lead\">Wie kan er beter over onze diensten praten dan onze klanten?<\/p>\n\n<\/div>\n<\/div>\n<div  class=\"row spaced-cols content-center-sm\" data-type=\"row\">\n<div  class=\"col-sm-4\">\n<div  class=\"card y-move bordered\" data-type=\"column\">\n\n<i  class=\"fa fa-quote-right icon color1 small\"><\/i>\n<p  class=\"text-center\">Uitstekende verzekeringsmakelaar. Aan te bevelen!<\/p>\n\n<h6  class=\"end\">Marc Lacroix<\/h6>\n\n\n<\/div>\n<\/div>\n<div  class=\"col-sm-4\">\n<div  class=\"card y-move bordered\" data-type=\"column\">\n\n<i  class=\"fa fa-quote-right icon color1 small\"><\/i>\n<p  class=\"text-center\">Tr\u00e8s bon service !<\/p>\n\n<h6  class=\"end\">Abrighach Walid<\/h6>\n\n\n<\/div>\n<\/div>\n<div  class=\"col-sm-4\">\n<div  class=\"card y-move bordered\" data-type=\"column\">\n\n<i  class=\"fa fa-quote-right icon color1 small\"><\/i>\n<p  class=\"text-center\">Top service met advies op maat. Perfect tweetalig.<\/p>\n\n<h6  class=\"end\">Robby Bocklandt<\/h6>\n\n\n<\/div>\n<\/div>\n<\/div>\n<\/div>\n<\/div><div  id=\"cta-1\" data-label=\"Cta\" data-id=\"cta-blue-section\" data-export-id=\"cta-blue-section\" data-category=\"cta\" class=\"cta-blue-section content-section content-section-spacing-medium bg-color1 white-text\">\n<div  class=\"gridContainer\">\n<div  class=\"row middle-xs\">\n<div  class=\"col-sm-8 space-bottom-xs\" data-type=\"column\">\n<h2  class=\"\">Heeft u een vraag? Neem dan contact met ons op!<\/h2>\n<\/div>\n<div  class=\"col-sm-4 end-sm\" data-type=\"column\"><a class=\"button color2\" href=\"https:\/\/agrm.eu\/nl\/#contact-1\" target=\"_self\" data-cp-link=\"1\" rel=\"noopener\"> Ik neem contact op <\/a><\/div>\n<\/div>\n<\/div>\n<\/div><div  id=\"latest-news-1\" style=\"background-color: #f5fafd;\" data-label=\"Latest-news\" data-id=\"blog-section\" data-export-id=\"blog-section\" data-category=\"latest_news\" class=\"blog-section content-section content-section-spacing\">\n<div  class=\"gridContainer\">\n<div  class=\"row\">\n<div  data-type=\"column\" class=\"section-title-col\">\n<h2  class=\"\">Nieuws<\/h2>\n<p  class=\"lead\">Vind hier onze artikelen met betrekking tot de wereld van verzekeringen, preventie en advies<\/p>\n\n<\/div>\n<\/div>\n<div  class=\"row\">\n<div  data-type=\"row\" data-dynamic-columns=\"handled\" data-content-shortcode=\"mesmerize_latest_news columns=&quot;4&quot; \">\t\t<div class=\"row center-sm content-left-sm\">\n\t\t\t\t\t<div id=\"post-1804\" class=\"col-sm-6 col-md-4 space-bottom space-bottom-xs\">\n\t\t\t\t<div class=\"post-content card y-move bordered\">\n\t\t\t\t\t<div class=\"post-thumbnail\">\n   <a href=\"https:\/\/agrm.eu\/nl\/assurances-vie\/\" class=\"post-list-item-thumb\">\n      <img loading=\"lazy\" decoding=\"async\" width=\"1024\" height=\"683\" src=\"https:\/\/agrm.eu\/wp-content\/uploads\/pexels-cottonbro-3943716-1024x683.jpg\" class=\"attachment-post-thumbnail size-post-thumbnail wp-post-image\" alt=\"\" srcset=\"https:\/\/agrm.eu\/wp-content\/uploads\/pexels-cottonbro-3943716-1024x683.jpg 1024w, https:\/\/agrm.eu\/wp-content\/uploads\/pexels-cottonbro-3943716-300x200.jpg 300w, https:\/\/agrm.eu\/wp-content\/uploads\/pexels-cottonbro-3943716-150x100.jpg 150w, https:\/\/agrm.eu\/wp-content\/uploads\/pexels-cottonbro-3943716-768x512.jpg 768w, https:\/\/agrm.eu\/wp-content\/uploads\/pexels-cottonbro-3943716-1536x1024.jpg 1536w, https:\/\/agrm.eu\/wp-content\/uploads\/pexels-cottonbro-3943716-2048x1365.jpg 2048w, https:\/\/agrm.eu\/wp-content\/uploads\/pexels-cottonbro-3943716-18x12.jpg 18w, https:\/\/agrm.eu\/wp-content\/uploads\/pexels-cottonbro-3943716-1620x1080.jpg 1620w\" sizes=\"auto, (max-width: 1024px) 100vw, 1024px\" \/>   <\/a>\n<\/div>\n\t\t\t\t\t<div class=\"col-padding col-padding-xs\">\n\t\t\t\t\t\t<h3 class=\"post-title space-bottom-small\">\n\t\t\t\t\t\t\t<a href=\"https:\/\/agrm.eu\/nl\/assurances-vie\/\" rel=\"bookmark\">\n\t\t\t\t\t\t\t\tAssurances Vie\t\t\t\t\t\t\t<\/a>\n\t\t\t\t\t\t<\/h3>\n\t\t\t\t\t\t<p>Nous sommes dans la derni\u00e8re ligne droite avant la fin d\u2019ann\u00e9e est franchie. C\u2019est donc le moment, si cela n\u2019a pas \u00e9t\u00e9 fait pr\u00e9c\u00e9demment, d\u2019optimiser les primes d\u2019assurances vie qui[&hellip;]<\/p>\n\t\t\t\t\t\t<a class=\"read-more link\" href=\"https:\/\/agrm.eu\/nl\/assurances-vie\/\">\n\t\t\t\t\t\t\tRead more\t\t\t\t\t\t<\/a>\n\t\t\t\t\t<\/div>\n\t\t\t\t<\/div>\n\t\t\t<\/div>\n\t\t\t\t\t\t<div id=\"post-1799\" class=\"col-sm-6 col-md-4 space-bottom space-bottom-xs\">\n\t\t\t\t<div class=\"post-content card y-move bordered\">\n\t\t\t\t\t<div class=\"post-thumbnail\">\n   <a href=\"https:\/\/agrm.eu\/nl\/iard\/\" class=\"post-list-item-thumb\">\n      <img loading=\"lazy\" decoding=\"async\" width=\"1024\" height=\"683\" src=\"https:\/\/agrm.eu\/wp-content\/uploads\/pexels-rcphotostock-11465293-1-scaled.jpg\" class=\"attachment-post-thumbnail size-post-thumbnail wp-post-image\" alt=\"\" srcset=\"https:\/\/agrm.eu\/wp-content\/uploads\/pexels-rcphotostock-11465293-1-scaled.jpg 2560w, https:\/\/agrm.eu\/wp-content\/uploads\/pexels-rcphotostock-11465293-1-300x200.jpg 300w, https:\/\/agrm.eu\/wp-content\/uploads\/pexels-rcphotostock-11465293-1-1024x683.jpg 1024w, https:\/\/agrm.eu\/wp-content\/uploads\/pexels-rcphotostock-11465293-1-150x100.jpg 150w, https:\/\/agrm.eu\/wp-content\/uploads\/pexels-rcphotostock-11465293-1-768x512.jpg 768w, https:\/\/agrm.eu\/wp-content\/uploads\/pexels-rcphotostock-11465293-1-1536x1024.jpg 1536w\" sizes=\"auto, (max-width: 1024px) 100vw, 1024px\" \/>   <\/a>\n<\/div>\n\t\t\t\t\t<div class=\"col-padding col-padding-xs\">\n\t\t\t\t\t\t<h3 class=\"post-title space-bottom-small\">\n\t\t\t\t\t\t\t<a href=\"https:\/\/agrm.eu\/nl\/iard\/\" rel=\"bookmark\">\n\t\t\t\t\t\t\t\tIARD\t\t\t\t\t\t\t<\/a>\n\t\t\t\t\t\t<\/h3>\n\t\t\t\t\t\t<p>Cas v\u00e9cu Madame P souhaitant \u00ab\u00a0vite\u00a0\u00bb faire une course ne branche pas le syst\u00e8me d\u2019alarme qui prot\u00e8ge le bien familial quand elle quitte celui-ci. Quand elle revient, c\u2019est le choc&nbsp;:[&hellip;]<\/p>\n\t\t\t\t\t\t<a class=\"read-more link\" href=\"https:\/\/agrm.eu\/nl\/iard\/\">\n\t\t\t\t\t\t\tRead more\t\t\t\t\t\t<\/a>\n\t\t\t\t\t<\/div>\n\t\t\t\t<\/div>\n\t\t\t<\/div>\n\t\t\t\t\t\t<div id=\"post-1795\" class=\"col-sm-6 col-md-4 space-bottom space-bottom-xs\">\n\t\t\t\t<div class=\"post-content card y-move bordered\">\n\t\t\t\t\t<div class=\"post-thumbnail\">\n   <a href=\"https:\/\/agrm.eu\/nl\/tempete\/\" class=\"post-list-item-thumb\">\n      <img loading=\"lazy\" decoding=\"async\" width=\"1024\" height=\"683\" src=\"https:\/\/agrm.eu\/wp-content\/uploads\/Newsletter-12-2021-IARD-omninature-1024x683.jpg\" class=\"attachment-post-thumbnail size-post-thumbnail wp-post-image\" alt=\"\" srcset=\"https:\/\/agrm.eu\/wp-content\/uploads\/Newsletter-12-2021-IARD-omninature-1024x683.jpg 1024w, https:\/\/agrm.eu\/wp-content\/uploads\/Newsletter-12-2021-IARD-omninature-300x200.jpg 300w, https:\/\/agrm.eu\/wp-content\/uploads\/Newsletter-12-2021-IARD-omninature-150x100.jpg 150w, https:\/\/agrm.eu\/wp-content\/uploads\/Newsletter-12-2021-IARD-omninature-768x512.jpg 768w, https:\/\/agrm.eu\/wp-content\/uploads\/Newsletter-12-2021-IARD-omninature-1536x1024.jpg 1536w, https:\/\/agrm.eu\/wp-content\/uploads\/Newsletter-12-2021-IARD-omninature-2048x1365.jpg 2048w, https:\/\/agrm.eu\/wp-content\/uploads\/Newsletter-12-2021-IARD-omninature-1620x1080.jpg 1620w\" sizes=\"auto, (max-width: 1024px) 100vw, 1024px\" \/>   <\/a>\n<\/div>\n\t\t\t\t\t<div class=\"col-padding col-padding-xs\">\n\t\t\t\t\t\t<h3 class=\"post-title space-bottom-small\">\n\t\t\t\t\t\t\t<a href=\"https:\/\/agrm.eu\/nl\/tempete\/\" rel=\"bookmark\">\n\t\t\t\t\t\t\t\tTemp\u00eate\t\t\t\t\t\t\t<\/a>\n\t\t\t\t\t\t<\/h3>\n\t\t\t\t\t\t<p>Temp\u00eate La pluie et les orages sont choses courantes en Belgique. On observe en moyenne 94 jours d\u2019orage par an. Si une temp\u00eate s\u2019annonce, voici quelques bons r\u00e9flexes pour pr\u00e9server[&hellip;]<\/p>\n\t\t\t\t\t\t<a class=\"read-more link\" href=\"https:\/\/agrm.eu\/nl\/tempete\/\">\n\t\t\t\t\t\t\tRead more\t\t\t\t\t\t<\/a>\n\t\t\t\t\t<\/div>\n\t\t\t\t<\/div>\n\t\t\t<\/div>\n\t\t\t\t<\/div>\n\t<\/div>\n<\/div>\n<div  class=\"row\">\n<div  class=\"text-center\"><a class=\"button color1\" data-attr-shortcode=\"href:mesmerize_blog_link\" href=\"https:\/\/agrm.eu\/nl\/blog\/\" target=\"_self\" rel=\"noopener\">Voir tous les articles<\/a><\/div>\n<\/div>\n<\/div>\n<\/div><div  id=\"contact-1\" data-label=\"Contact\" data-id=\"contact-1\" data-export-id=\"contact-1\" data-category=\"contact\" class=\"contact-1 content-section content-section-spacing white-text\" data-parallax-depth=\"20\" style=\"background-image: url('https:\/\/extendthemes.com\/mesmerize\/demos\/demo-free-1\/wp-content\/uploads\/2018\/02\/stephan-valentin-345970.jpg'); background-size: cover; background-position: center top;\">\n<div  class=\"gridContainer\">\n<div  class=\"row text-center\">\n<div  class=\"section-title-col\" data-type=\"column\">\n<h2  class=\"\">Laten we contact opnemen!&nbsp;<\/h2>\n<p  class=\"lead\">Of je nu nieuw bent op de arbeidsmarkt, je verzekeringsportefeuille wilt laten analyseren of wilt solliciteren, wij staan altijd voor je klaar!<\/p>\n\n<\/div>\n<\/div>\n<div  class=\"row text-center\">\n<div  class=\"col-xs-12 col-sm-8 col-sm-offset-2 contact-form-wrapper inline-info\">\n<div  class=\"card large-padding\">\n<div  class=\"\" data-content-shortcode=\"mesmerize_contact_form shortcode=&quot;contact-form-7 id=&amp;amp;quot;399&amp;amp;quot; title=&amp;amp;quot;Formulaire  de contact  AGRM&amp;amp;quot;&quot;\" data-editable=\"true\">\n<div class=\"wpcf7 no-js\" id=\"wpcf7-f399-o1\" lang=\"fr-FR\" dir=\"ltr\" data-wpcf7-id=\"399\">\n<div class=\"screen-reader-response\"><p role=\"status\" aria-live=\"polite\" aria-atomic=\"true\"><\/p> <ul><\/ul><\/div>\n<form action=\"\/nl\/wp-json\/wp\/v2\/pages\/3#wpcf7-f399-o1\" method=\"post\" class=\"wpcf7-form init\" aria-label=\"Formulaire de contact\" novalidate=\"novalidate\" data-status=\"init\" data-trp-original-action=\"\/nl\/wp-json\/wp\/v2\/pages\/3#wpcf7-f399-o1\">\n<fieldset class=\"hidden-fields-container\"><input type=\"hidden\" name=\"_wpcf7\" value=\"399\" \/><input type=\"hidden\" name=\"_wpcf7_version\" value=\"6.1.5\" \/><input type=\"hidden\" name=\"_wpcf7_locale\" value=\"fr_FR\" \/><input type=\"hidden\" name=\"_wpcf7_unit_tag\" value=\"wpcf7-f399-o1\" \/><input type=\"hidden\" name=\"_wpcf7_container_post\" value=\"0\" \/><input type=\"hidden\" name=\"_wpcf7_posted_data_hash\" value=\"\" \/><input type=\"hidden\" name=\"_wpcf7_recaptcha_response\" value=\"\" \/>\n<\/fieldset>\n<p><label> Uw naam<br \/>\n<span class=\"wpcf7-form-control-wrap\" data-name=\"your-name\"><input size=\"40\" maxlength=\"400\" class=\"wpcf7-form-control wpcf7-text wpcf7-validates-as-required\" aria-required=\"true\" aria-invalid=\"false\" value=\"\" type=\"text\" name=\"your-name\" \/><\/span> <\/label>\n<\/p>\n<p><label> Uw e-mailadres<br \/>\n<span class=\"wpcf7-form-control-wrap\" data-name=\"your-email\"><input size=\"40\" maxlength=\"400\" class=\"wpcf7-form-control wpcf7-email wpcf7-validates-as-required wpcf7-text wpcf7-validates-as-email\" aria-required=\"true\" aria-invalid=\"false\" value=\"\" type=\"email\" name=\"your-email\" \/><\/span> <\/label>\n<\/p>\n<p><label> Mail onderwerp<br \/>\n<span class=\"wpcf7-form-control-wrap\" data-name=\"your-subject\"><input size=\"40\" maxlength=\"400\" class=\"wpcf7-form-control wpcf7-text\" aria-invalid=\"false\" value=\"\" type=\"text\" name=\"your-subject\" \/><\/span> <\/label>\n<\/p>\n<p><label> Uw bericht<br \/>\n<span class=\"wpcf7-form-control-wrap\" data-name=\"your-message\"><textarea cols=\"40\" rows=\"10\" maxlength=\"2000\" class=\"wpcf7-form-control wpcf7-textarea\" aria-invalid=\"false\" name=\"your-message\"><\/textarea><\/span> <\/label>\n<\/p>\n<p><input class=\"wpcf7-form-control wpcf7-submit has-spinner\" type=\"submit\" value=\"Sturen\" \/>\n<\/p><p style=\"display: none !important;\" class=\"akismet-fields-container\" data-prefix=\"_wpcf7_ak_\"><label>&#916;<textarea name=\"_wpcf7_ak_hp_textarea\" cols=\"45\" rows=\"8\" maxlength=\"100\"><\/textarea><\/label><input type=\"hidden\" id=\"ak_js_1\" name=\"_wpcf7_ak_js\" value=\"245\"\/><script>document.getElementById( \"ak_js_1\" ).setAttribute( \"value\", ( new Date() ).getTime() );<\/script><\/p><div class=\"wpcf7-response-output\" aria-hidden=\"true\"><\/div>\n<input type=\"hidden\" name=\"trp-form-language\" value=\"nl\"\/><\/form>\n<\/div>\n<\/div>\n<\/div>\n<\/div>\n<\/div>\n<\/div>\n<\/div>","protected":false},"excerpt":{"rendered":"<p>Je prot\u00e8ge ma famille et mon patrimoine Nous vous conseillons pour toutes les assurances li\u00e9es \u00e0 votre famille ou \u00e0 vos biens. Je suis ind\u00e9pendant Se lancer en tant qu\u2019ind\u00e9pendant n\u00e9cessite d\u2019analyser votre activit\u00e9 pour mieux vous prot\u00e9ger. Je pense \u00e0 ma pension Il est important d\u2019assurer votre avenir. Nous pouvons vous aider \u00e0 aborder&hellip; <br \/> <a class=\"read-more\" href=\"https:\/\/agrm.eu\/nl\/tempete\/\">Lees meer<\/a><\/p>","protected":false},"author":3,"featured_media":0,"parent":0,"menu_order":0,"comment_status":"closed","ping_status":"closed","template":"page-templates\/homepage.php","meta":{"footnotes":""},"class_list":["post-3","page","type-page","status-publish","hentry"],"_links":{"self":[{"href":"https:\/\/agrm.eu\/nl\/wp-json\/wp\/v2\/pages\/3","targetHints":{"allow":["GET"]}}],"collection":[{"href":"https:\/\/agrm.eu\/nl\/wp-json\/wp\/v2\/pages"}],"about":[{"href":"https:\/\/agrm.eu\/nl\/wp-json\/wp\/v2\/types\/page"}],"author":[{"embeddable":true,"href":"https:\/\/agrm.eu\/nl\/wp-json\/wp\/v2\/users\/3"}],"replies":[{"embeddable":true,"href":"https:\/\/agrm.eu\/nl\/wp-json\/wp\/v2\/comments?post=3"}],"version-history":[{"count":16,"href":"https:\/\/agrm.eu\/nl\/wp-json\/wp\/v2\/pages\/3\/revisions"}],"predecessor-version":[{"id":1752,"href":"https:\/\/agrm.eu\/nl\/wp-json\/wp\/v2\/pages\/3\/revisions\/1752"}],"wp:attachment":[{"href":"https:\/\/agrm.eu\/nl\/wp-json\/wp\/v2\/media?parent=3"}],"curies":[{"name":"wp","href":"https:\/\/api.w.org\/{rel}","templated":true}]}}