{"id":1776,"date":"2023-04-26T13:53:48","date_gmt":"2023-04-26T11:53:48","guid":{"rendered":"https:\/\/agrm.eu\/?page_id=1776"},"modified":"2023-04-26T13:55:18","modified_gmt":"2023-04-26T11:55:18","slug":"jassure-ma-responsabilite","status":"publish","type":"page","link":"https:\/\/agrm.eu\/nl\/jassure-ma-responsabilite\/","title":{"rendered":"J&rsquo;assure ma responsabilit\u00e9"},"content":{"rendered":"<p>Zowel in het beroeps- als in het priv\u00e9leven lopen we altijd het risico dat we door onze handelingen schade berokkenen aan anderen. Die is echter grotendeels te verzekeren. In deze rubriek geven we een overzicht van de middelen om dit succesvol te doen.<\/p>\n\n\n\n<p>Aansprakelijkheid<\/p>\n\n\n\n<p>In uw dagelijks leven, zowel in het kader van uw priv\u00e9leven als in uw beroepsleven, kunt u aansprakelijk worden gesteld. Dit kan het geval zijn, naar aanleiding van uw eigen handelingen of die van mensen die u onder uw hoede heeft, alsook van voorwerpen waarvan u de gebruiker of de beheerder bent.<\/p>\n\n\n\n<p>Aansprakelijkheid in de context van het priv\u00e9<\/p>\n\n\n\n<p>In de priv\u00e9sfeer denkt men natuurlijk aan kinderen of dieren, maar het kan veel verder gaan. Uw huis kan schade toebrengen aan derden, bijvoorbeeld door een vallende tegel of bloempot. U kunt ook een verkeersongeval veroorzaken door te fietsen of buiten de zebrapaden over te steken. Wat niet gedekt is in een traditionele familiale aansprakelijkheidsverzekering is het voorwerp dat u is toevertrouwd. Dit is het geval als een familielid u zijn camera of grasmaaier uitleent. Als u dit voorwerp beschadigt, zal uw familiale aansprakelijkheidsverzekering dit niet dekken. Dit hiaat kan worden opgevuld door een uitbreiding te nemen, die dan schade aan toevertrouwde voorwerpen dekt.<\/p>\n\n\n\n<p>BA in de professionele context<\/p>\n\n\n\n<p>Het spreekt vanzelf dat het in het kader van uw activiteit, wat die ook moge zijn, noodzakelijk is om uw burgerlijke aansprakelijkheid te dekken. U, uw personeel en uw onderaannemers kunnen schade veroorzaken en verplicht zijn de benadeelden te vergoeden.<\/p>\n\n\n\n<p>Als u aansprakelijk wordt gesteld, is het eerste wat de aansprakelijkheidsverzekeraar zal doen uw belangen verdedigen tegen de mensen die u beschuldigen. Als u uiteindelijk aansprakelijk wordt bevonden, zal de verzekeraar de schade aan de derde partij vergoeden.<\/p>\n\n\n\n<p>BA professionele en priv\u00e9<\/p>\n\n\n\n<p>Als docent of instructeur kunt u aansprakelijk worden gesteld voor de daden van uw leerlingen of voor door hen geleden schade. Het afsluiten van een aansprakelijkheidsverzekering voor leraren\/instructeurs zal u in deze gevallen helpen.<\/p>\n\n\n\n<p>Als bestuurder van een vennootschap of VZW bent u verantwoordelijk voor het goede beheer van deze entiteiten. Naast de schade die verband kan houden met de activiteiten van deze entiteiten (verzekerbaar onder operationele of professionele aansprakelijkheid), kan uw aansprakelijkheid worden ingeroepen op basis van een fout\/fout of nalatigheid in het beheer van deze entiteit. Bijvoorbeeld: in geval van niet-naleving van de statuten of wettelijke bepalingen van de entiteit. Indien uw aansprakelijkheid wordt bewezen op basis van een bestuursfout, zou de benadeelde zijn schade kunnen verhalen op uw eigen vermogen (zelfs voor beslissingen die binnen uw vennootschap of VZW zijn genomen). Om dergelijke tegenslagen te vermijden, is het noodzakelijk een bestuurdersaansprakelijkheidsverzekering af te sluiten.<\/p>\n\n\n\n<p>De termijnen waarbinnen wij moeten beslissen worden steeds korter en de wetten worden steeds gevarieerder.<\/p>\n\n\n\n<p>In onze maatschappij, waar de neiging toeneemt om een schuldige te zoeken, is het noodzakelijk om een polis burgerlijke aansprakelijkheid af te sluiten. Dit om te vermijden dat men een hypotheek neemt op zijn eigendom na een moment van onoplettendheid dat, laten we eerlijk zijn, zeer snel gebeurt en binnen ieders bereik ligt.<\/p>\n\n\n\n<div class=\"wp-block-buttons is-content-justification-center is-layout-flex wp-container-core-buttons-is-layout-16018d1d wp-block-buttons-is-layout-flex\">\n<div class=\"wp-block-button\"><a class=\"wp-block-button__link has-vivid-green-cyan-background-color has-background wp-element-button\" href=\"https:\/\/agrm.eu\/nl\/#contact-1\">Ik wil meer weten<\/a><\/div>\n<\/div>","protected":false},"excerpt":{"rendered":"<p>Tant dans la vie professionnelle que priv\u00e9e, nous risquons par nos actions, de causer des dommages \u00e0 des tiers. Ceci est, en grande partie, assurable. Dans cette rubrique, nous vous donnons un aper\u00e7u des moyens pour y parvenir. Responsabilit\u00e9 civile Au quotidien, que ce soit dans le cadre de votre vie priv\u00e9e ou professionnelle, vous&hellip; <br \/> <a class=\"read-more\" href=\"https:\/\/agrm.eu\/nl\/jassure-ma-responsabilite\/\">Lees meer<\/a><\/p>","protected":false},"author":3,"featured_media":0,"parent":0,"menu_order":0,"comment_status":"closed","ping_status":"closed","template":"","meta":{"footnotes":""},"class_list":["post-1776","page","type-page","status-publish","hentry"],"_links":{"self":[{"href":"https:\/\/agrm.eu\/nl\/wp-json\/wp\/v2\/pages\/1776","targetHints":{"allow":["GET"]}}],"collection":[{"href":"https:\/\/agrm.eu\/nl\/wp-json\/wp\/v2\/pages"}],"about":[{"href":"https:\/\/agrm.eu\/nl\/wp-json\/wp\/v2\/types\/page"}],"author":[{"embeddable":true,"href":"https:\/\/agrm.eu\/nl\/wp-json\/wp\/v2\/users\/3"}],"replies":[{"embeddable":true,"href":"https:\/\/agrm.eu\/nl\/wp-json\/wp\/v2\/comments?post=1776"}],"version-history":[{"count":2,"href":"https:\/\/agrm.eu\/nl\/wp-json\/wp\/v2\/pages\/1776\/revisions"}],"predecessor-version":[{"id":1778,"href":"https:\/\/agrm.eu\/nl\/wp-json\/wp\/v2\/pages\/1776\/revisions\/1778"}],"wp:attachment":[{"href":"https:\/\/agrm.eu\/nl\/wp-json\/wp\/v2\/media?parent=1776"}],"curies":[{"name":"wp","href":"https:\/\/api.w.org\/{rel}","templated":true}]}}