{"id":1771,"date":"2023-04-26T13:49:54","date_gmt":"2023-04-26T11:49:54","guid":{"rendered":"https:\/\/agrm.eu\/?page_id=1771"},"modified":"2023-05-30T21:46:13","modified_gmt":"2023-05-30T19:46:13","slug":"ma-sante","status":"publish","type":"page","link":"https:\/\/agrm.eu\/nl\/ma-sante\/","title":{"rendered":"Je pense \u00e0 ma sant\u00e9"},"content":{"rendered":"<p>Etre victime d\u2019un accident ou attraper une maladie arrive plus souvent qu\u2019on ne pourrait se l\u2019imaginer. Plusieurs options sont possibles, les plus connues \u00e9tant<strong> l\u2019individuelle accidents<\/strong> et le <strong>revenu garanti.<\/strong><\/p>\n\n\n\n<p>Une assurance<strong> individuelle accidents<\/strong> offre une protection financi\u00e8re en cas d\u2019accident survenant dans le cadre de la vie priv\u00e9e, par exemple, lorsque vous tombez chez vous dans les escaliers.<\/p>\n\n\n\n<p>Un autre exemple d\u2019assurance individuelle accidents est l&rsquo;assurance conducteur qui vous prot\u00e8ge en cas d&rsquo;accident avec votre voiture, m\u00eame si vous en \u00eates responsable.<\/p>\n\n\n\n<p>Pour les ind\u00e9pendants, cette assurance couvre g\u00e9n\u00e9ralement aussi les accidents survenant dans l&rsquo;exercice de leur activit\u00e9 professionnelle. Les travailleurs salari\u00e9s qui ont un accident dans l&rsquo;exercice de leur activit\u00e9 professionnelle sont prot\u00e9g\u00e9s par l\u2019assurance accidents du travail.<\/p>\n\n\n\n<p>La couverture de l\u2019assurance individuelle accidents est cependant li\u00e9e \u00e0 quelques conditions. Ces conditions diff\u00e8rent en fonction de l\u2019assureur ou du produit.\u00a0<\/p>\n\n\n\n<p><strong>L\u2019assurance revenu garanti <\/strong>vise \u00e0 garantir un revenu de remplacement en cas d\u2019incapacit\u00e9. Il est possible d\u2019avoir une telle assurance jusqu\u2019\u00e0 l\u2019\u00e2ge de retraite ou, \u00e0 votre demande, pour un p\u00e9riode sp\u00e9cifique.<\/p>\n\n\n\n<p>Vous pouvez souscrire une telle assurance vous-m\u00eame mais il est \u00e9galement possible que votre employeur a un contrat pour son personnel dans lequel vous \u00eates inclus.<\/p>\n\n\n\n<p>Une assurance revenu garanti peut vous convenir dans le cas o\u00f9 vous d\u00e9sirez un revenu garanti lorsque vous perdez (une partie de) votre revenu \u00e0 la suite d\u2019une incapacit\u00e9 de travail. Autrement dit, cette assurance ne s\u2019applique pas aux personnes qui ne b\u00e9n\u00e9ficient d\u2019aucun revenu professionnel, comme une femme au foyer ou un rentier.<\/p>\n\n\n\n<div class=\"wp-block-buttons is-content-justification-center is-layout-flex wp-container-core-buttons-is-layout-16018d1d wp-block-buttons-is-layout-flex\">\n<div class=\"wp-block-button\"><a class=\"wp-block-button__link has-vivid-green-cyan-background-color has-background wp-element-button\" href=\"https:\/\/agrm.eu\/nl\/#contact-1\">Ik wil meer weten<\/a><\/div>\n<\/div>","protected":false},"excerpt":{"rendered":"<p>Etre victime d\u2019un accident ou attraper une maladie arrive plus souvent qu\u2019on ne pourrait se l\u2019imaginer. Plusieurs options sont possibles, les plus connues \u00e9tant l\u2019individuelle accidents et le revenu garanti. Une assurance individuelle accidents offre une protection financi\u00e8re en cas d\u2019accident survenant dans le cadre de la vie priv\u00e9e, par exemple, lorsque vous tombez chez&hellip; <br \/> <a class=\"read-more\" href=\"https:\/\/agrm.eu\/nl\/ma-sante\/\">Lees meer<\/a><\/p>","protected":false},"author":3,"featured_media":0,"parent":0,"menu_order":0,"comment_status":"closed","ping_status":"closed","template":"","meta":{"footnotes":""},"class_list":["post-1771","page","type-page","status-publish","hentry"],"_links":{"self":[{"href":"https:\/\/agrm.eu\/nl\/wp-json\/wp\/v2\/pages\/1771","targetHints":{"allow":["GET"]}}],"collection":[{"href":"https:\/\/agrm.eu\/nl\/wp-json\/wp\/v2\/pages"}],"about":[{"href":"https:\/\/agrm.eu\/nl\/wp-json\/wp\/v2\/types\/page"}],"author":[{"embeddable":true,"href":"https:\/\/agrm.eu\/nl\/wp-json\/wp\/v2\/users\/3"}],"replies":[{"embeddable":true,"href":"https:\/\/agrm.eu\/nl\/wp-json\/wp\/v2\/comments?post=1771"}],"version-history":[{"count":4,"href":"https:\/\/agrm.eu\/nl\/wp-json\/wp\/v2\/pages\/1771\/revisions"}],"predecessor-version":[{"id":1785,"href":"https:\/\/agrm.eu\/nl\/wp-json\/wp\/v2\/pages\/1771\/revisions\/1785"}],"wp:attachment":[{"href":"https:\/\/agrm.eu\/nl\/wp-json\/wp\/v2\/media?parent=1771"}],"curies":[{"name":"wp","href":"https:\/\/api.w.org\/{rel}","templated":true}]}}