{"id":1719,"date":"2023-03-26T09:37:45","date_gmt":"2023-03-26T07:37:45","guid":{"rendered":"https:\/\/agrm.eu\/?page_id=1719"},"modified":"2023-04-26T13:30:59","modified_gmt":"2023-04-26T11:30:59","slug":"je-suis-independant","status":"publish","type":"page","link":"https:\/\/agrm.eu\/nl\/je-suis-independant\/","title":{"rendered":"Ik ben zelfstandig"},"content":{"rendered":"<p>Ondernemers die hun activiteiten uitoefenen als zelfstandige of in een vennootschap, moeten vaak risico\u2019s nemen.<\/p>\n\n\n\n<p>Door de nodige verzekeringen af te sluiten, kunnen ze hun activiteiten ontwikkelen en tegelijk de financi\u00eble gevolgen van de risico\u2019s die ze nemen, beperken.<\/p>\n\n\n\n<p>Risicodekking<\/p>\n\n\n\n<p>De eerste contracttypes waaraan we denken, zijn die voor burgerlijke aansprakelijkheid, in het kader van de uitbating op zich (BA Uitbating\/professioneel) of in geval van een beheersfout (BA Management).<\/p>\n\n\n\n<p>De tweede soort dekkingen waaraan we denken, zijn die van goederen.<\/p>\n\n\n\n<p>De meest voor de hand liggende is natuurlijk de brandverzekering die het gebouw, de koopwaar, het meubilair en het bedrijfsverlies dekt.<\/p>\n\n\n\n<p>Het is ook mogelijk om, bijvoorbeeld via een contract voor machinebreuk, de toestellen (machines, elektronische apparatuur enz.) die essentieel zijn voor de uitbating van uw onderneming, te dekken tegen andere risico\u2019s, naast brand.<\/p>\n\n\n\n<p>Uw voertuigen moeten ook gedekt zijn, voor burgerlijke aansprakelijkheid (verplichte verzekering) en voor bijkomende garanties.<\/p>\n\n\n\n<p>Maar er is geen economische activiteit mogelijk zonder de inzet van personen.<\/p>\n\n\n\n<p>Het is dus onontbeerlijk en zelfs verplicht om ook die te verzekeren.<\/p>\n\n\n\n<p>De verzekering arbeidsongevallen is in ieder geval verplicht.<br><br>U kunt uw personeel echter ook een groepsverzekering aanbieden.<\/p>\n\n\n\n<p>Die verzekering kan diverse aspecten dekken zoals pensioen, hospitalisatie of inkomensverlies.<\/p>\n\n\n\n<p>Ondernemen betekent ook dat u zich aan potenti\u00eble geschillen blootstelt. Denk eraan de procedurekosten en die van de advocaten te dekken via een gepast contract rechtsbijstand.<\/p>\n\n\n\n<p>U ziet, er zijn tal van verzekeringen die u kunt afsluiten om uw beroepsactiviteiten te dekken. Persoonlijk advies is dan ook broodnodig. We nodigen u uit om er meer over te lezen op de pagina\u2019s gewijd aan de polissen die in de bovenstaande tekst worden vermeld en kennis te maken met de kenmerken van de verschillende contracten.<\/p>\n\n\n\n<p>Neem gerust contact met ons op zodat we samen in detail kunnen analyseren waarvoor u zich moet verzekeren. Zo kunt u zich met een gerust hart op uw activiteiten concentreren.<\/p>\n\n\n\n<div class=\"wp-block-buttons is-content-justification-center is-layout-flex wp-container-core-buttons-is-layout-16018d1d wp-block-buttons-is-layout-flex\">\n<div class=\"wp-block-button\"><a class=\"wp-block-button__link has-vivid-green-cyan-background-color has-background wp-element-button\" href=\"https:\/\/agrm.eu\/nl\/#contact-1\">Ik wil meer weten<\/a><\/div>\n<\/div>","protected":false},"excerpt":{"rendered":"<p>Les entrepreneurs qui exercent leurs activit\u00e9s en tant qu\u2019ind\u00e9pendant ou en soci\u00e9t\u00e9, ont l\u2019habitude de prendre des risques. La souscription de couvertures d\u2019assurances leur permet d\u2019exercer leurs activit\u00e9s en limitant les cons\u00e9quences financi\u00e8res des risques pris. Couverture de risques Les premiers types de contrats auxquels on songe sont ceux de responsabilit\u00e9 civile, que ce soit&hellip; <br \/> <a class=\"read-more\" href=\"https:\/\/agrm.eu\/nl\/je-suis-independant\/\">Lees meer<\/a><\/p>","protected":false},"author":3,"featured_media":0,"parent":0,"menu_order":0,"comment_status":"closed","ping_status":"closed","template":"","meta":{"footnotes":""},"class_list":["post-1719","page","type-page","status-publish","hentry"],"_links":{"self":[{"href":"https:\/\/agrm.eu\/nl\/wp-json\/wp\/v2\/pages\/1719","targetHints":{"allow":["GET"]}}],"collection":[{"href":"https:\/\/agrm.eu\/nl\/wp-json\/wp\/v2\/pages"}],"about":[{"href":"https:\/\/agrm.eu\/nl\/wp-json\/wp\/v2\/types\/page"}],"author":[{"embeddable":true,"href":"https:\/\/agrm.eu\/nl\/wp-json\/wp\/v2\/users\/3"}],"replies":[{"embeddable":true,"href":"https:\/\/agrm.eu\/nl\/wp-json\/wp\/v2\/comments?post=1719"}],"version-history":[{"count":5,"href":"https:\/\/agrm.eu\/nl\/wp-json\/wp\/v2\/pages\/1719\/revisions"}],"predecessor-version":[{"id":1765,"href":"https:\/\/agrm.eu\/nl\/wp-json\/wp\/v2\/pages\/1719\/revisions\/1765"}],"wp:attachment":[{"href":"https:\/\/agrm.eu\/nl\/wp-json\/wp\/v2\/media?parent=1719"}],"curies":[{"name":"wp","href":"https:\/\/api.w.org\/{rel}","templated":true}]}}