{"id":1674,"date":"2023-03-25T23:07:31","date_gmt":"2023-03-25T22:07:31","guid":{"rendered":"https:\/\/agrm.eu\/?page_id=1674"},"modified":"2023-03-26T10:26:20","modified_gmt":"2023-03-26T08:26:20","slug":"je-pense-a-ma-pension","status":"publish","type":"page","link":"https:\/\/agrm.eu\/nl\/je-pense-a-ma-pension\/","title":{"rendered":"Ik denk aan mijn pensioen"},"content":{"rendered":"<div data-elementor-type=\"wp-page\" data-elementor-id=\"1674\" class=\"elementor elementor-1674\">\n\t\t\t\t\t\t\t\t\t<section class=\"elementor-section elementor-top-section elementor-element elementor-element-287e310 elementor-section-boxed elementor-section-height-default elementor-section-height-default\" data-id=\"287e310\" data-element_type=\"section\">\n\t\t\t\t\t\t<div class=\"elementor-container elementor-column-gap-default\">\n\t\t\t\t\t<div class=\"elementor-column elementor-col-100 elementor-top-column elementor-element elementor-element-033d5a1\" data-id=\"033d5a1\" data-element_type=\"column\">\n\t\t\t<div class=\"elementor-widget-wrap elementor-element-populated\">\n\t\t\t\t\t\t\t\t<div class=\"elementor-element elementor-element-d3b2e0c elementor-widget elementor-widget-text-editor\" data-id=\"d3b2e0c\" data-element_type=\"widget\" data-widget_type=\"text-editor.default\">\n\t\t\t\t<div class=\"elementor-widget-container\">\n\t\t\t<style>\/*! elementor - v3.13.3 - 28-05-2023 *\/\n.elementor-widget-text-editor.elementor-drop-cap-view-stacked .elementor-drop-cap{background-color:#69727d;color:#fff}.elementor-widget-text-editor.elementor-drop-cap-view-framed .elementor-drop-cap{color:#69727d;border:3px solid;background-color:transparent}.elementor-widget-text-editor:not(.elementor-drop-cap-view-default) .elementor-drop-cap{margin-top:8px}.elementor-widget-text-editor:not(.elementor-drop-cap-view-default) .elementor-drop-cap-letter{width:1em;height:1em}.elementor-widget-text-editor .elementor-drop-cap{float:left;text-align:center;line-height:1;font-size:50px}.elementor-widget-text-editor .elementor-drop-cap-letter{display:inline-block}<\/style>\t\t\t\t<p>Welkom bij onze gids over de 4 pijlers van het Belgische pensioenstelsel. Deze gids helpt u te begrijpen hoe elk van deze pijlers werkt en hoe ze bijdragen tot een comfortabel en zeker pensioen. We behandelen de essenti\u00eble aspecten van elke pijler zonder te verzanden in technische en ingewikkelde details.<\/p>\t\t\t\t\t\t<\/div>\n\t\t\t\t<\/div>\n\t\t\t\t\t<\/div>\n\t\t<\/div>\n\t\t\t\t\t\t\t<\/div>\n\t\t<\/section>\n\t\t\t\t<section class=\"elementor-section elementor-top-section elementor-element elementor-element-b147e03 elementor-section-boxed elementor-section-height-default elementor-section-height-default\" data-id=\"b147e03\" data-element_type=\"section\">\n\t\t\t\t\t\t<div class=\"elementor-container elementor-column-gap-default\">\n\t\t\t\t\t<div class=\"elementor-column elementor-col-25 elementor-top-column elementor-element elementor-element-362e5f8\" data-id=\"362e5f8\" data-element_type=\"column\">\n\t\t\t<div class=\"elementor-widget-wrap elementor-element-populated\">\n\t\t\t\t\t\t\t\t<div class=\"elementor-element elementor-element-830f807 elementor-hidden-mobile elementor-view-default elementor-widget elementor-widget-icon\" data-id=\"830f807\" data-element_type=\"widget\" data-widget_type=\"icon.default\">\n\t\t\t\t<div class=\"elementor-widget-container\">\n\t\t\t\t\t<div class=\"elementor-icon-wrapper\">\n\t\t\t<a class=\"elementor-icon\" href=\"https:\/\/agrm.eu\/nl\/1er-pilier-la-pension-legale\/\">\n\t\t\t<i aria-hidden=\"true\" class=\"fas fa-dice-one\"><\/i>\t\t\t<\/a>\n\t\t<\/div>\n\t\t\t\t<\/div>\n\t\t\t\t<\/div>\n\t\t\t\t\t<\/div>\n\t\t<\/div>\n\t\t\t\t<div class=\"elementor-column elementor-col-25 elementor-top-column elementor-element elementor-element-b3db14e\" data-id=\"b3db14e\" data-element_type=\"column\">\n\t\t\t<div class=\"elementor-widget-wrap elementor-element-populated\">\n\t\t\t\t\t\t\t\t<div class=\"elementor-element elementor-element-7734fb6 elementor-hidden-mobile elementor-view-default elementor-widget elementor-widget-icon\" data-id=\"7734fb6\" data-element_type=\"widget\" data-widget_type=\"icon.default\">\n\t\t\t\t<div class=\"elementor-widget-container\">\n\t\t\t\t\t<div class=\"elementor-icon-wrapper\">\n\t\t\t<a class=\"elementor-icon\" href=\"https:\/\/agrm.eu\/nl\/2eme-pilier-la-pension-complementaire\/\">\n\t\t\t<i aria-hidden=\"true\" class=\"fas fa-dice-two\"><\/i>\t\t\t<\/a>\n\t\t<\/div>\n\t\t\t\t<\/div>\n\t\t\t\t<\/div>\n\t\t\t\t\t<\/div>\n\t\t<\/div>\n\t\t\t\t<div class=\"elementor-column elementor-col-25 elementor-top-column elementor-element elementor-element-2386de7\" data-id=\"2386de7\" data-element_type=\"column\">\n\t\t\t<div class=\"elementor-widget-wrap elementor-element-populated\">\n\t\t\t\t\t\t\t\t<div class=\"elementor-element elementor-element-c3f4a45 elementor-hidden-mobile elementor-view-default elementor-widget elementor-widget-icon\" data-id=\"c3f4a45\" data-element_type=\"widget\" data-widget_type=\"icon.default\">\n\t\t\t\t<div class=\"elementor-widget-container\">\n\t\t\t\t\t<div class=\"elementor-icon-wrapper\">\n\t\t\t<a class=\"elementor-icon\" href=\"https:\/\/agrm.eu\/nl\/3eme-pilier-lepargne-pension-individuelle\/\">\n\t\t\t<i aria-hidden=\"true\" class=\"fas fa-dice-three\"><\/i>\t\t\t<\/a>\n\t\t<\/div>\n\t\t\t\t<\/div>\n\t\t\t\t<\/div>\n\t\t\t\t\t<\/div>\n\t\t<\/div>\n\t\t\t\t<div class=\"elementor-column elementor-col-25 elementor-top-column elementor-element elementor-element-96915b2\" data-id=\"96915b2\" data-element_type=\"column\">\n\t\t\t<div class=\"elementor-widget-wrap elementor-element-populated\">\n\t\t\t\t\t\t\t\t<div class=\"elementor-element elementor-element-94d67ed elementor-hidden-mobile elementor-view-default elementor-widget elementor-widget-icon\" data-id=\"94d67ed\" data-element_type=\"widget\" data-widget_type=\"icon.default\">\n\t\t\t\t<div class=\"elementor-widget-container\">\n\t\t\t\t\t<div class=\"elementor-icon-wrapper\">\n\t\t\t<a class=\"elementor-icon\" href=\"https:\/\/agrm.eu\/nl\/4eme-pilier-les-sources-de-revenus-informelles\/\">\n\t\t\t<i aria-hidden=\"true\" class=\"fas fa-dice-four\"><\/i>\t\t\t<\/a>\n\t\t<\/div>\n\t\t\t\t<\/div>\n\t\t\t\t<\/div>\n\t\t\t\t\t<\/div>\n\t\t<\/div>\n\t\t\t\t\t\t\t<\/div>\n\t\t<\/section>\n\t\t\t\t<section class=\"elementor-section elementor-top-section elementor-element elementor-element-7f7354f elementor-section-boxed elementor-section-height-default elementor-section-height-default\" data-id=\"7f7354f\" data-element_type=\"section\">\n\t\t\t\t\t\t<div class=\"elementor-container elementor-column-gap-default\">\n\t\t\t\t\t<div class=\"elementor-column elementor-col-25 elementor-top-column elementor-element elementor-element-f8b4b52\" data-id=\"f8b4b52\" data-element_type=\"column\">\n\t\t\t<div class=\"elementor-widget-wrap elementor-element-populated\">\n\t\t\t\t\t\t\t\t<div class=\"elementor-element elementor-element-88bc54f elementor-widget elementor-widget-text-editor\" data-id=\"88bc54f\" data-element_type=\"widget\" data-widget_type=\"text-editor.default\">\n\t\t\t\t<div class=\"elementor-widget-container\">\n\t\t\t\t\t\t\t<p><span style=\"color: #808080;\"><a style=\"color: #808080;\" href=\"https:\/\/agrm.eu\/nl\/1er-pilier-la-pension-legale\/\">La<b> pension l\u00e9gale<\/b> : La base du syst\u00e8me de pension belge, la pension l\u00e9gale garantit un revenu de base pour les retrait\u00e9s.<\/a><\/span><\/p>\t\t\t\t\t\t<\/div>\n\t\t\t\t<\/div>\n\t\t\t\t\t<\/div>\n\t\t<\/div>\n\t\t\t\t<div class=\"elementor-column elementor-col-25 elementor-top-column elementor-element elementor-element-9bb7e26\" data-id=\"9bb7e26\" data-element_type=\"column\">\n\t\t\t<div class=\"elementor-widget-wrap elementor-element-populated\">\n\t\t\t\t\t\t\t\t<div class=\"elementor-element elementor-element-6e9538c elementor-widget elementor-widget-text-editor\" data-id=\"6e9538c\" data-element_type=\"widget\" data-widget_type=\"text-editor.default\">\n\t\t\t\t<div class=\"elementor-widget-container\">\n\t\t\t\t\t\t\t<p><span style=\"color: #808080;\"><a style=\"color: #808080;\" href=\"https:\/\/agrm.eu\/nl\/2eme-pilier-la-pension-complementaire\/\">Mise en place par les employeurs, la <b>pension<\/b> <b>compl\u00e9mentaire<\/b> permet de b\u00e9n\u00e9ficier d&rsquo;un revenu suppl\u00e9mentaire \u00e0 la retraite, en compl\u00e9ment de la pension l\u00e9gale.<\/a><\/span><\/p>\t\t\t\t\t\t<\/div>\n\t\t\t\t<\/div>\n\t\t\t\t\t<\/div>\n\t\t<\/div>\n\t\t\t\t<div class=\"elementor-column elementor-col-25 elementor-top-column elementor-element elementor-element-4cbd438\" data-id=\"4cbd438\" data-element_type=\"column\">\n\t\t\t<div class=\"elementor-widget-wrap elementor-element-populated\">\n\t\t\t\t\t\t\t\t<div class=\"elementor-element elementor-element-a51b486 elementor-widget elementor-widget-text-editor\" data-id=\"a51b486\" data-element_type=\"widget\" data-widget_type=\"text-editor.default\">\n\t\t\t\t<div class=\"elementor-widget-container\">\n\t\t\t\t\t\t\t<p><span style=\"color: #808080;\"><a style=\"color: #808080;\" href=\"https:\/\/agrm.eu\/nl\/3eme-pilier-lepargne-pension-individuelle\/\"><b>L&rsquo;\u00e9pargne<\/b>&#8211;<b>pension<\/b> <b>individuelle<\/b>\u00a0vous donne la possibilit\u00e9 de constituer une \u00e9pargne-retraite suppl\u00e9mentaire gr\u00e2ce \u00e0 des produits d&rsquo;\u00e9pargne ou d&rsquo;investissement sp\u00e9cifiques<\/a><\/span><\/p>\t\t\t\t\t\t<\/div>\n\t\t\t\t<\/div>\n\t\t\t\t\t<\/div>\n\t\t<\/div>\n\t\t\t\t<div class=\"elementor-column elementor-col-25 elementor-top-column elementor-element elementor-element-1a5af87\" data-id=\"1a5af87\" data-element_type=\"column\">\n\t\t\t<div class=\"elementor-widget-wrap elementor-element-populated\">\n\t\t\t\t\t\t\t\t<div class=\"elementor-element elementor-element-7fbc136 elementor-widget elementor-widget-text-editor\" data-id=\"7fbc136\" data-element_type=\"widget\" data-widget_type=\"text-editor.default\">\n\t\t\t\t<div class=\"elementor-widget-container\">\n\t\t\t\t\t\t\t<p><span style=\"color: #808080;\"><a style=\"color: #808080;\" href=\"https:\/\/agrm.eu\/nl\/4eme-pilier-les-sources-de-revenus-informelles\/\">Les sources de revenus <b>informelles<\/b>\u00a0englobe les sources de revenus et d&rsquo;\u00e9pargne informelles ou non conventionnelles qui peuvent compl\u00e9ter les revenus des trois premiers piliers.<\/a><\/span><\/p>\t\t\t\t\t\t<\/div>\n\t\t\t\t<\/div>\n\t\t\t\t\t<\/div>\n\t\t<\/div>\n\t\t\t\t\t\t\t<\/div>\n\t\t<\/section>\n\t\t\t\t<section class=\"elementor-section elementor-top-section elementor-element elementor-element-d10181d elementor-section-boxed elementor-section-height-default elementor-section-height-default\" data-id=\"d10181d\" data-element_type=\"section\">\n\t\t\t\t\t\t<div class=\"elementor-container elementor-column-gap-default\">\n\t\t\t\t\t<div class=\"elementor-column elementor-col-100 elementor-top-column elementor-element elementor-element-d93b0f5\" data-id=\"d93b0f5\" data-element_type=\"column\">\n\t\t\t<div class=\"elementor-widget-wrap elementor-element-populated\">\n\t\t\t\t\t\t\t\t<div class=\"elementor-element elementor-element-04dbc87 elementor-align-center elementor-widget elementor-widget-button\" data-id=\"04dbc87\" data-element_type=\"widget\" data-widget_type=\"button.default\">\n\t\t\t\t<div class=\"elementor-widget-container\">\n\t\t\t\t\t<div class=\"elementor-button-wrapper\">\n\t\t\t<a href=\"https:\/\/agrm.eu\/nl\/#contact-1\" class=\"elementor-button-link elementor-button elementor-size-sm\" role=\"button\">\n\t\t\t\t\t\t<span class=\"elementor-button-content-wrapper\">\n\t\t\t\t\t\t<span class=\"elementor-button-text\">Ik wil meer weten<\/span>\n\t\t<\/span>\n\t\t\t\t\t<\/a>\n\t\t<\/div>\n\t\t\t\t<\/div>\n\t\t\t\t<\/div>\n\t\t\t\t\t<\/div>\n\t\t<\/div>\n\t\t\t\t\t\t\t<\/div>\n\t\t<\/section>\n\t\t\t\t\t\t\t<\/div>","protected":false},"excerpt":{"rendered":"<p>Bienvenue sur notre guide des 4 piliers du syst\u00e8me de pension belge. Ce guide vous aidera \u00e0 comprendre comment chacun de ces piliers fonctionne et comment ils contribuent \u00e0 vous assurer une retraite confortable et sereine. Nous aborderons les aspects essentiels de chaque pilier sans nous enliser dans les d\u00e9tails techniques et compliqu\u00e9s. La pension&hellip; <br \/> <a class=\"read-more\" href=\"https:\/\/agrm.eu\/nl\/je-pense-a-ma-pension\/\">Lees meer<\/a><\/p>","protected":false},"author":3,"featured_media":0,"parent":0,"menu_order":0,"comment_status":"closed","ping_status":"closed","template":"","meta":{"footnotes":""},"class_list":["post-1674","page","type-page","status-publish","hentry"],"_links":{"self":[{"href":"https:\/\/agrm.eu\/nl\/wp-json\/wp\/v2\/pages\/1674","targetHints":{"allow":["GET"]}}],"collection":[{"href":"https:\/\/agrm.eu\/nl\/wp-json\/wp\/v2\/pages"}],"about":[{"href":"https:\/\/agrm.eu\/nl\/wp-json\/wp\/v2\/types\/page"}],"author":[{"embeddable":true,"href":"https:\/\/agrm.eu\/nl\/wp-json\/wp\/v2\/users\/3"}],"replies":[{"embeddable":true,"href":"https:\/\/agrm.eu\/nl\/wp-json\/wp\/v2\/comments?post=1674"}],"version-history":[{"count":16,"href":"https:\/\/agrm.eu\/nl\/wp-json\/wp\/v2\/pages\/1674\/revisions"}],"predecessor-version":[{"id":1748,"href":"https:\/\/agrm.eu\/nl\/wp-json\/wp\/v2\/pages\/1674\/revisions\/1748"}],"wp:attachment":[{"href":"https:\/\/agrm.eu\/nl\/wp-json\/wp\/v2\/media?parent=1674"}],"curies":[{"name":"wp","href":"https:\/\/api.w.org\/{rel}","templated":true}]}}