{"id":1665,"date":"2023-03-25T21:45:21","date_gmt":"2023-03-25T20:45:21","guid":{"rendered":"https:\/\/agrm.eu\/?page_id=1665"},"modified":"2023-03-26T10:10:04","modified_gmt":"2023-03-26T08:10:04","slug":"3eme-pilier-lepargne-pension-individuelle","status":"publish","type":"page","link":"https:\/\/agrm.eu\/nl\/3eme-pilier-lepargne-pension-individuelle\/","title":{"rendered":"3\u00e8me pilier &#8211; L&rsquo;\u00e9pargne-pension individuelle"},"content":{"rendered":"<p>Explorez l&rsquo;\u00e9pargne-pension individuelle, le troisi\u00e8me pilier du syst\u00e8me de pension belge, et d\u00e9couvrez comment renforcer votre retraite gr\u00e2ce \u00e0 des produits d&rsquo;\u00e9pargne sp\u00e9cifiques.<\/p>\n\n\n\n<p>Le troisi\u00e8me pilier du syst\u00e8me de pension belge est l&rsquo;\u00e9pargne-pension individuelle. Ce pilier facultatif vous permet de constituer une \u00e9pargne-retraite suppl\u00e9mentaire en souscrivant \u00e0 des produits d&rsquo;\u00e9pargne ou d&rsquo;investissement sp\u00e9cifiques, tels que les contrats d&rsquo;assurance-vie ou les plans d&rsquo;\u00e9pargne-pension.<\/p>\n\n\n\n<p>En investissant dans le troisi\u00e8me pilier, vous pouvez b\u00e9n\u00e9ficier d&rsquo;avantages fiscaux sous certaines conditions. Ces produits d&rsquo;\u00e9pargne vous aident \u00e0 renforcer votre retraite et \u00e0 assurer un niveau de vie confortable apr\u00e8s votre d\u00e9part \u00e0 la retraite.<\/p>\n\n\n\n<div class=\"wp-block-buttons is-content-justification-center is-layout-flex wp-container-core-buttons-is-layout-16018d1d wp-block-buttons-is-layout-flex\">\n<div class=\"wp-block-button\"><a class=\"wp-block-button__link has-vivid-green-cyan-background-color has-background wp-element-button\" href=\"https:\/\/agrm.eu\/nl\/#contact-1\">Ik wil meer weten<\/a><\/div>\n<\/div>","protected":false},"excerpt":{"rendered":"<p>Explorez l&rsquo;\u00e9pargne-pension individuelle, le troisi\u00e8me pilier du syst\u00e8me de pension belge, et d\u00e9couvrez comment renforcer votre retraite gr\u00e2ce \u00e0 des produits d&rsquo;\u00e9pargne sp\u00e9cifiques. Le troisi\u00e8me pilier du syst\u00e8me de pension belge est l&rsquo;\u00e9pargne-pension individuelle. Ce pilier facultatif vous permet de constituer une \u00e9pargne-retraite suppl\u00e9mentaire en souscrivant \u00e0 des produits d&rsquo;\u00e9pargne ou d&rsquo;investissement sp\u00e9cifiques, tels que&hellip; <br \/> <a class=\"read-more\" href=\"https:\/\/agrm.eu\/nl\/3eme-pilier-lepargne-pension-individuelle\/\">Lees meer<\/a><\/p>","protected":false},"author":3,"featured_media":0,"parent":0,"menu_order":0,"comment_status":"closed","ping_status":"closed","template":"","meta":{"footnotes":""},"class_list":["post-1665","page","type-page","status-publish","hentry"],"_links":{"self":[{"href":"https:\/\/agrm.eu\/nl\/wp-json\/wp\/v2\/pages\/1665","targetHints":{"allow":["GET"]}}],"collection":[{"href":"https:\/\/agrm.eu\/nl\/wp-json\/wp\/v2\/pages"}],"about":[{"href":"https:\/\/agrm.eu\/nl\/wp-json\/wp\/v2\/types\/page"}],"author":[{"embeddable":true,"href":"https:\/\/agrm.eu\/nl\/wp-json\/wp\/v2\/users\/3"}],"replies":[{"embeddable":true,"href":"https:\/\/agrm.eu\/nl\/wp-json\/wp\/v2\/comments?post=1665"}],"version-history":[{"count":6,"href":"https:\/\/agrm.eu\/nl\/wp-json\/wp\/v2\/pages\/1665\/revisions"}],"predecessor-version":[{"id":1735,"href":"https:\/\/agrm.eu\/nl\/wp-json\/wp\/v2\/pages\/1665\/revisions\/1735"}],"wp:attachment":[{"href":"https:\/\/agrm.eu\/nl\/wp-json\/wp\/v2\/media?parent=1665"}],"curies":[{"name":"wp","href":"https:\/\/api.w.org\/{rel}","templated":true}]}}