{"id":1650,"date":"2023-03-25T09:48:51","date_gmt":"2023-03-25T08:48:51","guid":{"rendered":"https:\/\/agrm.eu\/?page_id=1650"},"modified":"2023-03-25T09:48:52","modified_gmt":"2023-03-25T08:48:52","slug":"politique-en-matiere-de-durabilite","status":"publish","type":"page","link":"https:\/\/agrm.eu\/nl\/politique-en-matiere-de-durabilite\/","title":{"rendered":"DUURZAAMHEIDSBELEID"},"content":{"rendered":"<h2 class=\"wp-block-heading\">1. GEDRAGSLIJNEN BETREFFENDE DUURZAAMHEIDSRISICO\u2019S<\/h2>\n\n\n\n<p>Conform de Verordening betreffende informatieverschaffing over duurzaamheid in de financi\u00eble dienstensector (\u2018SFDR\u2019 - Sustainable Financial Disclosure Regulation) houdt ons kantoor bij advies voor verzekeringen met een beleggingscomponent rekening met duurzaamheidsrisico\u2019s, voor zover deze informatie ter beschikking wordt gesteld door de verzekeringsmaatschappij.<\/p>\n\n\n\n<p>De SFDR heeft duurzaamheidsrisico\u2019s gedefinieerd als \u2018een gebeurtenis of omstandigheid op ecologisch (E), sociaal (S) of governancegebied (G) die, indien ze zich voordoet, een werkelijk of mogelijk wezenlijk negatief effect op de waarde van de belegging kan veroorzaken\u2019.<\/p>\n\n\n\n<p>Dans le cadre des conseils relatifs aux produits d\u2019investissement fond\u00e9s sur l\u2019assurance, la politique de r\u00e9mun\u00e9ration applicable au sein de notre bureau n&rsquo;encourage pas une prise de risque excessive en mati\u00e8re de durabilit\u00e9.<\/p>\n\n\n\n<h2 class=\"wp-block-heading\">2. ONGUNSTIGE EFFECTEN OP DUURZAAMHEIDSFACTOREN<\/h2>\n\n\n\n<p>De SFDR heeft duurzaamheidsfactoren gedefinieerd als \u2018ecologische, sociale en werkgelegenheidszaken, eerbiediging van de mensenrechten, en bestrijding van corruptie en van omkoping\u2019.<\/p>\n\n\n\n<p>Het wettelijk kader met betrekking tot duurzaamheidsfactoren en ongunstige effecten van beleggingsbeslissingen op duurzaamheidsfactoren is momenteel niet volledig en zal de komende maanden en jaren dus evolueren.<\/p>\n\n\n\n<p>C\u2019est la raison pour laquelle notre bureau ne prend actuellement pas en compte les incidences n\u00e9gatives des d\u00e9cisions d\u2019investissement sur les facteurs de durabilit\u00e9 dans ses conseils en assurance relatifs aux produits d&rsquo;investissement fond\u00e9s sur l&rsquo;assurance, \u00e0 moins que le client en ait exprim\u00e9 le souhait. Dans ce dernier cas, notre bureau en tiendra compte dans l&rsquo;\u00e9valuation de l&rsquo;ad\u00e9quation du\/des produit(s) d&rsquo;investissement fond\u00e9(s) sur l&rsquo;assurance concern\u00e9(s).<\/p>\n\n\n\n<p>Ons kantoor zal dit beleid herzien, naarmate het wettelijk kader verder wordt uitgewerkt.<\/p>","protected":false},"excerpt":{"rendered":"<p>1. POLITIQUES RELATIVES AUX RISQUES EN MATI\u00c8RE DE DURABILIT\u00c9 Conform\u00e9ment au R\u00e8glement europ\u00e9en sur la publication d\u2019informations en mati\u00e8re de durabilit\u00e9 dans le secteur des services financiers (\u00ab SFDR \u00bb &#8211; Sustainable Financial Disclosure Regulation) notre bureau int\u00e8gre, dans ses conseils en assurance relatifs aux produits d\u2019investissement fond\u00e9s sur l\u2019assurance, les risques en mati\u00e8re de&hellip; <br \/> <a class=\"read-more\" href=\"https:\/\/agrm.eu\/nl\/politique-en-matiere-de-durabilite\/\">Lees meer<\/a><\/p>","protected":false},"author":3,"featured_media":0,"parent":0,"menu_order":0,"comment_status":"closed","ping_status":"closed","template":"","meta":{"footnotes":""},"class_list":["post-1650","page","type-page","status-publish","hentry"],"_links":{"self":[{"href":"https:\/\/agrm.eu\/nl\/wp-json\/wp\/v2\/pages\/1650","targetHints":{"allow":["GET"]}}],"collection":[{"href":"https:\/\/agrm.eu\/nl\/wp-json\/wp\/v2\/pages"}],"about":[{"href":"https:\/\/agrm.eu\/nl\/wp-json\/wp\/v2\/types\/page"}],"author":[{"embeddable":true,"href":"https:\/\/agrm.eu\/nl\/wp-json\/wp\/v2\/users\/3"}],"replies":[{"embeddable":true,"href":"https:\/\/agrm.eu\/nl\/wp-json\/wp\/v2\/comments?post=1650"}],"version-history":[{"count":1,"href":"https:\/\/agrm.eu\/nl\/wp-json\/wp\/v2\/pages\/1650\/revisions"}],"predecessor-version":[{"id":1651,"href":"https:\/\/agrm.eu\/nl\/wp-json\/wp\/v2\/pages\/1650\/revisions\/1651"}],"wp:attachment":[{"href":"https:\/\/agrm.eu\/nl\/wp-json\/wp\/v2\/media?parent=1650"}],"curies":[{"name":"wp","href":"https:\/\/api.w.org\/{rel}","templated":true}]}}