{"id":1648,"date":"2023-03-25T09:47:23","date_gmt":"2023-03-25T08:47:23","guid":{"rendered":"https:\/\/agrm.eu\/?page_id=1648"},"modified":"2023-03-25T09:47:25","modified_gmt":"2023-03-25T08:47:25","slug":"politique-de-confidentialite","status":"publish","type":"page","link":"https:\/\/agrm.eu\/nl\/politique-de-confidentialite\/","title":{"rendered":"Politique de confidentialit\u00e9"},"content":{"rendered":"<p>Responsable de traitement\u00a0: notre soci\u00e9t\u00e9 (ci-apr\u00e8s\u00a0NOTRE SOCIETE OU COURTIER) dont les coordonn\u00e9es sont indiqu\u00e9es dans la rubrique &lsquo;contact&rsquo; du pr\u00e9sent site internet (ci-apr\u00e8s le Site).<\/p>\n\n\n\n<p>Als er een functionaris voor gegevensbescherming is aangesteld, staan zijn of haar contactgegevens op de site.<\/p>\n\n\n\n<p><strong>ONS BEDRIJF zet zich in om de privacy te respecteren van de mensen die wij tijdens onze activiteiten ontmoeten.<\/strong><\/p>\n\n\n\n<p>Dit Privacybeleid (hierna het Beleid) beschrijft hoe wij omgaan met de Persoonsgegevens die wij verzamelen via formulieren, website registratie, telefoongesprekken, e-mails en andere communicatie met u. Wij verwerken uw Persoonsgegevens in overeenstemming met alle toepasselijke regelgeving inzake gegevensbescherming.<\/p>\n\n\n\n<p>Door dit beleid te aanvaarden, de diensten van de MAKELAAR te gebruiken, u in te schrijven voor een evenement van de MAKELAAR of anderszins uw persoonsgegevens aan de MAKELAAR te verstrekken, erkent u en gaat u akkoord met de voorwaarden van het beleid en met de verwerking en overdracht van persoonsgegevens die in overeenstemming met het beleid zullen worden uitgevoerd.&nbsp;<\/p>\n\n\n\n<h4 class=\"wp-block-heading\">De Persoonsgegevens die wij in de loop van onze relatie verzamelen zijn<\/h4>\n\n\n\n<ul class=\"wp-block-list\">\n<li>Informations personnelles&nbsp;: nom, adresse, e-mail, num\u00e9ros de t\u00e9l\u00e9phone, sexe, statut matrimonial, informations sur la famille, date et lieu de naissance, employeur, intitul\u00e9 de poste et exp\u00e9rience professionnelle, relations avec l&rsquo;assur\u00e9, le b\u00e9n\u00e9ficiaire ou le demandeur d&rsquo;indemnisation.<\/li>\n\n\n\n<li>Informations d&rsquo;identification&nbsp;: num\u00e9ro national d&rsquo;identification, num\u00e9ro de carte d&rsquo;identit\u00e9, num\u00e9ro de permis de conduire).<\/li>\n\n\n\n<li>Financi\u00eble informatie: bankrekeningnummer, inkomensinformatie en andere financi\u00eble informatie.<\/li>\n\n\n\n<li>Informatie over het verzekerde risico die Persoonsgegevens kan bevatten en alleen voor zover passend voor het verzekerde risico kan omvatten (1) medische gegevens (huidige of vroegere medische toestand, gezondheidstoestand, informatie over verwondingen of handicaps, relevante persoonlijke gewoonten, medische voorgeschiedenis, (2) gegevens uit het strafregister, strafrechtelijke veroordelingen, met inbegrip van verkeersovertredingen<\/li>\n\n\n\n<li>Informations sur la Police d\u2019assurance, sur les devis que re\u00e7oivent les particuliers et sur les polices qu&rsquo;ils obtiennent.<\/li>\n\n\n\n<li>Informations sur les demandes d&rsquo;indemnisation ant\u00e9rieures qui peuvent inclure des donn\u00e9es m\u00e9dicales, des donn\u00e9es de casier judiciaire, et d&rsquo;autres cat\u00e9gories sp\u00e9ciales de donn\u00e9es personnelles<\/li>\n\n\n\n<li>Informations sur les demandes d&rsquo;indemnisation en cours qui peuvent inclure des donn\u00e9es m\u00e9dicales, des donn\u00e9es de casier judiciaire, et d&rsquo;autres Cat\u00e9gories sp\u00e9ciales de donn\u00e9es personnelles<\/li>\n<\/ul>\n\n\n\n<p>Marketinggegevens afhankelijk van de rechtmatigheid van de verwerking voor het ontvangen van reclame van ons en van derden.<\/p>\n\n\n\n<h4 class=\"wp-block-heading\">Wij gebruiken deze Persoonlijke Informatie om:<\/h4>\n\n\n\n<ul class=\"wp-block-list\">\n<li>&nbsp;Reageren op uw verzoeken en communiceren met u en anderen in het kader van onze activiteiten.<\/li>\n\n\n\n<li>u toegang geven tot de informatie die wij online beschikbaar stellen aan de gebruikers van onze diensten<\/li>\n\n\n\n<li>met u interageren via onze site.<\/li>\n\n\n\n<li>Stuur je een nieuwsbrief als je je daarvoor inschrijft.<\/li>\n\n\n\n<li>Om u ondersteuning en hulp te bieden in verband met onze diensten.<\/li>\n\n\n\n<li>Om u belangrijke informatie te sturen over wijzigingen van onze producten en diensten, onze algemene voorwaarden en andere administratieve, technische of commerci\u00eble informatie.<\/li>\n\n\n\n<li>Beslissingen nemen over het verlenen van diensten aan u.<\/li>\n\n\n\n<li>Uitvoeren van marktonderzoeken en analyses, waaronder tevredenheidsonderzoeken.<\/li>\n\n\n\n<li>Om u marketinginformatie te verstrekken (waaronder informatie over onze producten of andere producten en diensten die door onze geselecteerde derde partners worden aangeboden) in overeenstemming met de door u aangegeven voorkeuren.<\/li>\n\n\n\n<li>Om u in staat te stellen actief deel te nemen aan onze activiteiten, waaronder forums, discussies, seminars, bijeenkomsten en andere evenementen. Voor sommige van deze activiteiten gelden aanvullende voorwaarden die aanvullende informatie kunnen bevatten over hoe wij uw Persoonsgegevens gebruiken en openbaar maken. Wij raden u daarom aan deze zorgvuldig te lezen.<\/li>\n\n\n\n<li>Klachten oplossen en verzoeken om toegang tot of correctie van gegevens beheren.<\/li>\n\n\n\n<li>Voldoen aan toepasselijke wetten en regelgevende vereisten (ook buiten uw land van verblijf), zoals die met betrekking tot het witwassen van geld en de financiering van terrorisme, voldoen aan wettelijke procedures en reageren op verzoeken van overheidsinstanties (ook buiten uw land van verblijf).<\/li>\n<\/ul>\n\n\n\n<h4 class=\"wp-block-heading\">De rechtsgrondslagen voor de verwerking zijn de volgende:<\/h4>\n\n\n\n<ul class=\"wp-block-list\">\n<li>de toestemming van de betrokkene, die het recht heeft zijn toestemming te allen tijde in te trekken (onverminderd de rechtmatigheid van de verwerking op basis van de v\u00f3\u00f3r de intrekking verleende toestemming);<\/li>\n\n\n\n<li>le traitement est n\u00e9cessaire \u00e0 l&rsquo;ex\u00e9cution d&rsquo;un contrat auquel la personne concern\u00e9e est partie ou \u00e0 l&rsquo;ex\u00e9cution de mesures pr\u00e9contractuelles prises \u00e0 la demande de celle-ci&nbsp;;<\/li>\n\n\n\n<li>le traitement est n\u00e9cessaire au respect d&rsquo;une obligation l\u00e9gale \u00e0 laquelle le responsable du traitement est soumis ;<\/li>\n\n\n\n<li>de verwerking is noodzakelijk voor de behartiging van de gerechtvaardigde belangen van de voor de verwerking verantwoordelijke of van een derde;<\/li>\n\n\n\n<li>le traitement est n\u00e9cessaire \u00e0 l&rsquo;ex\u00e9cution d&rsquo;une mission d&rsquo;int\u00e9r\u00eat public ou relevant de l&rsquo;exercice de l&rsquo;autorit\u00e9 publique dont est investi le responsable du traitement.<\/li>\n<\/ul>\n\n\n\n<p>Indien wij Persoonsgegevens verwerken voor andere dan de in dit artikel genoemde doeleinden, zullen wij u informatie verstrekken over het nieuwe doel en eventuele andere noodzakelijke informatie alvorens met de nieuwe verwerking te beginnen.&nbsp;<\/p>\n\n\n\n<p>Wij maken geen gebruik van besluitvormingstechnieken op basis van geautomatiseerde verwerking die rechtsgevolgen hebben voor de betrokkene of voor hem of haar aanzienlijke gevolgen hebben.&nbsp;<\/p>\n\n\n\n<p>ONS BEDRIJF kan Persoonsgegevens ter beschikking stellen aan de volgende personen en entiteiten:<\/p>\n\n\n\n<ul class=\"wp-block-list\">\n<li>Externe dienstverleners zoals verzekeringsmaatschappijen, landmeters, leveranciers van computersystemen, ondersteuning, hosting, drukkerijdiensten en andere soortgelijke externe verkopers en uitbestede dienstverleners die ons helpen bij het uitvoeren van onze activiteiten.<\/li>\n\n\n\n<li>Overheidsinstanties en derden die betrokken zijn bij een gerechtelijke procedure of een wettelijke verplichting hebben<\/li>\n\n\n\n<li>Andere derden met wie wij Persoonsgegevens kunnen delen in verband met een feitelijke of voorgestelde reorganisatie, fusie, verkoop, joint venture, overdracht, portefeuilleoverdracht of andere transactie met betrekking tot ons bedrijf of een deel daarvan.<\/li>\n<\/ul>\n\n\n\n<p>ONS BEDRIJF geeft geen gegevens door buiten de Europese Unie.<\/p>\n\n\n\n<p>ONS BEDRIJF neemt passende technische en organisatorische maatregelen die in overeenstemming zijn met de toepasselijke Privacy- en Gegevensbeschermingswetten. Als u reden heeft om aan te nemen dat uw interactie met ons niet langer veilig is (bijvoorbeeld, als u denkt dat de beveiliging van Persoonsgegevens die u bij ons heeft gecompromitteerd is), breng ons dan onmiddellijk op de hoogte.<\/p>\n\n\n\n<p>Wanneer ONS BEDRIJF persoonsgegevens aan een dienstverlener verstrekt, wordt de dienstverlener zorgvuldig geselecteerd en neemt hij passende maatregelen om de vertrouwelijkheid en de beveiliging van de persoonsgegevens te waarborgen.<\/p>\n\n\n\n<p>ONS BEDRIJF neemt redelijke maatregelen om ervoor te zorgen dat de verwerkte persoonsgegevens betrouwbaar zijn voor het beoogde gebruik, en zo nauwkeurig en volledig als nodig is om de in dit beleid beschreven doeleinden uit te voeren.&nbsp;<\/p>\n\n\n\n<p>Klantgegevens worden tot 40 jaar na afloop van elk contract bewaard. Voor personen die dit beleid hebben aanvaard maar geen producten hebben afgenomen, worden de persoonsgegevens 12 maanden na aanvaarding van dit beleid vernietigd.<\/p>\n\n\n\n<p>Indien u persoonsgegevens aan MAKELAAR verstrekt met betrekking tot andere personen, stemt u ermee in om: (a) de betrokkene te informeren over de inhoud van dit Privacybeleid, en (b) de wettelijk vereiste toestemming te verkrijgen voor het verzamelen, gebruiken, bekendmaken en overdragen (met inbegrip van grensoverschrijdende overdracht) van persoonsgegevens met betrekking tot de betrokkene in overeenstemming met de voorwaarden van dit beleid.&nbsp;<\/p>\n\n\n\n<p>U hebt het recht op toegang tot, rectificatie van, bezwaar tegen het gebruik van, of verzoek tot wissing, beperking of overdraagbaarheid van uw Persoonsgegevens op bepaalde gronden. Neem contact met ons op via het adres op de voorpagina en bewijs uw identiteit door middel van een kopie van uw identiteitskaart, met eventuele verzoeken of als u vragen of zorgen hebt over de manier waarop wij met uw Persoonsgegevens omgaan. Houd er rekening mee dat bepaalde Persoonsgegevens kunnen zijn vrijgesteld van het recht op toegang, rectificatie, uitwissing, beperking, bezwaar of overdraagbaarheid onder de GDPR of de Belgische Privacywetgeving.<\/p>\n\n\n\n<p>Wij herzien de regels in dit beleid regelmatig en behouden ons het recht voor om te allen tijde wijzigingen aan te brengen om rekening te houden met veranderingen in ons bedrijf en wettelijke vereisten. Wij raden u aan onze website regelmatig te controleren.<\/p>\n\n\n\n<h4 class=\"wp-block-heading\">Klachten<\/h4>\n\n\n\n<p>Als u ontevreden bent over de manier waarop wij uw Persoonsgegevens verwerken en van mening bent dat contact met ons het probleem niet oplost, heeft u volgens de toepasselijke Privacywetgeving het recht een klacht in te dienen bij de bevoegde toezichthoudende autoriteit.<\/p>","protected":false},"excerpt":{"rendered":"<p>Responsable de traitement\u00a0: notre soci\u00e9t\u00e9 (ci-apr\u00e8s\u00a0NOTRE SOCIETE OU COURTIER) dont les coordonn\u00e9es sont indiqu\u00e9es dans la rubrique &lsquo;contact&rsquo; du pr\u00e9sent site internet (ci-apr\u00e8s le Site). Si un d\u00e9l\u00e9gu\u00e9 \u00e0 la protection des donn\u00e9es (DPD)&nbsp;a \u00e9t\u00e9 nomm\u00e9 ses coordonn\u00e9es sont sur le Site. NOTRE SOCIETE s\u2019engage \u00e0 respecter la vie priv\u00e9e des personnes rencontr\u00e9es dans le&hellip; <br \/> <a class=\"read-more\" href=\"https:\/\/agrm.eu\/nl\/politique-de-confidentialite\/\">Lees meer<\/a><\/p>","protected":false},"author":3,"featured_media":0,"parent":0,"menu_order":0,"comment_status":"closed","ping_status":"closed","template":"","meta":{"footnotes":""},"class_list":["post-1648","page","type-page","status-publish","hentry"],"_links":{"self":[{"href":"https:\/\/agrm.eu\/nl\/wp-json\/wp\/v2\/pages\/1648","targetHints":{"allow":["GET"]}}],"collection":[{"href":"https:\/\/agrm.eu\/nl\/wp-json\/wp\/v2\/pages"}],"about":[{"href":"https:\/\/agrm.eu\/nl\/wp-json\/wp\/v2\/types\/page"}],"author":[{"embeddable":true,"href":"https:\/\/agrm.eu\/nl\/wp-json\/wp\/v2\/users\/3"}],"replies":[{"embeddable":true,"href":"https:\/\/agrm.eu\/nl\/wp-json\/wp\/v2\/comments?post=1648"}],"version-history":[{"count":1,"href":"https:\/\/agrm.eu\/nl\/wp-json\/wp\/v2\/pages\/1648\/revisions"}],"predecessor-version":[{"id":1649,"href":"https:\/\/agrm.eu\/nl\/wp-json\/wp\/v2\/pages\/1648\/revisions\/1649"}],"wp:attachment":[{"href":"https:\/\/agrm.eu\/nl\/wp-json\/wp\/v2\/media?parent=1648"}],"curies":[{"name":"wp","href":"https:\/\/api.w.org\/{rel}","templated":true}]}}